{"id":32,"date":"2022-06-07T14:44:23","date_gmt":"2022-06-07T20:44:23","guid":{"rendered":"http:\/\/datasistemasgt.com\/index.php\/casa\/"},"modified":"2025-08-06T09:15:20","modified_gmt":"2025-08-06T15:15:20","slug":"casa","status":"publish","type":"page","link":"https:\/\/datasistemasgt.com\/","title":{"rendered":"Inicio"},"content":{"rendered":"\n    \n    <section class=\"u-align-left u-clearfix u-container-align-left u-image u-section-2\" id=\"carousel_6cba\" data-image-width=\"1980\" data-image-height=\"1350\" style=\"background-image: url(&quot;https:\/\/datasistemasgt.com\/wp-content\/uploads\/2022\/06\/yyy.jpg&quot;);\">\n      <div class=\"u-clearfix u-sheet u-valign-middle-sm u-valign-middle-xs u-sheet-1\">\n        <div class=\"u-clearfix u-expanded-width-sm u-expanded-width-xs u-layout-wrap u-layout-wrap-1\">\n          <div class=\"u-gutter-0 u-layout\">\n            <div class=\"u-layout-row\">\n              <div class=\"u-container-style u-layout-cell u-left-cell u-shape-rectangle u-size-27 u-layout-cell-1\">\n                <div class=\"u-container-layout u-container-layout-1\">\n                  <editor-squiggler style=\"height: 0px; width: 0px; margin-bottom: 0px;\">\n                    <style> @media print {\n    .ms-editor-squiggler {\n        display:none !important;\n    }\n  }\n  .ms-editor-squiggler {\n    all: initial;\n    display: block !important;\n    height: 0px !important;\n    width: 0px !important;\n  }<\/style>\n                    <div class=\"ms-editor-squiggler\"><\/div>\n                  <\/editor-squiggler><span class=\"u-align-center u-border-2 u-border-palette-1-base u-file-icon u-icon u-icon-circle u-icon-1\"><img decoding=\"async\" src=\"https:\/\/datasistemasgt.com\/wp-content\/uploads\/2022\/06\/149052-1.png\" alt=\"\"><\/span>\n                  <h1 class=\"u-align-center u-custom-font u-font-ubuntu u-text u-text-1\">DataSistemasGT<\/h1>\n                  <p class=\"u-align-justify u-custom-font u-font-lato u-text u-text-body-alt-color u-text-2\"> Somos una empresa de consultor\u00eda inform\u00e1tica y desarrollo de aplicaciones en tecnolog\u00edas de la informaci\u00f3n. Nuestro objetivo es proporcionar soluciones inform\u00e1ticas y de gesti\u00f3n adecuadas seg\u00fan la necesidad de cada cliente, usando tecnolog\u00edas y metodolog\u00edas avanzadas. Software desarrollado por&nbsp;<span class=\"u-text-palette-1-base\">personal altamente<\/span> cualificado&nbsp;que satisfacen las <span class=\"u-text-palette-1-base\">necesidades del cliente<\/span>, cumpliendo criterios de <span class=\"u-text-palette-1-base\">eficacia,&nbsp;calidad, competitividad y rentabilidad<\/span>. De esta forma nuestras soluciones, apoyan a <span class=\"u-text-palette-1-base\">incrementar el&nbsp;valor a\u00f1adido<\/span>&nbsp;ofrecido a nuestros clientes. Nuestra orientaci\u00f3n al cliente, y el constante&nbsp;compromiso con la calidad&nbsp;y con nuestros profesionales abanderan el constante avance de nuestra empresa.\n                  <\/p>\n                <\/div>\n              <\/div>\n              <div class=\"u-align-left u-container-align-left u-container-style u-layout-cell u-right-cell u-size-33 u-layout-cell-2\">\n                <div class=\"u-container-layout u-container-layout-2\">\n                  <img decoding=\"async\" class=\"u-expanded-width-md u-expanded-width-sm u-expanded-width-xs u-image u-image-1\" src=\"https:\/\/datasistemasgt.com\/wp-content\/uploads\/2022\/06\/ffffff.jpg\" data-image-width=\"1372\" data-image-height=\"1235\">\n                <\/div>\n              <\/div>\n            <\/div>\n          <\/div>\n        <\/div>\n      <\/div>\n    <\/section>\n    <section class=\"u-align-center u-clearfix u-container-align-center u-white u-section-3\" id=\"carousel_2699\">\n      <div class=\"u-clearfix u-sheet u-valign-middle-sm u-valign-middle-xs u-sheet-1\">\n        <h1 class=\"u-align-center u-custom-font u-font-ubuntu u-text u-text-body-color u-text-1\">Nuestros Servicios<\/h1>\n        <div class=\"u-expanded-width u-list u-list-1\">\n          <div class=\"u-repeater u-repeater-1\">\n            <div class=\"u-align-center u-container-align-center u-container-style u-custom-item u-list-item u-palette-1-base u-repeater-item u-list-item-1\">\n              <div class=\"u-container-layout u-similar-container u-valign-bottom u-container-layout-1\"><span class=\"u-icon u-icon-1\"><svg class=\"u-svg-link\" preserveAspectRatio=\"xMidYMin slice\" viewBox=\"0 0 512 512\" style=\"\"><use xmlns:xlink=\"http:\/\/www.w3.org\/1999\/xlink\" xlink:href=\"#svg-9c19\"><\/use><\/svg><svg class=\"u-svg-content\" viewBox=\"0 0 512 512\" id=\"svg-9c19\"><g><path d=\"m497 26h-482c-8.284 0-15 6.716-15 15v340c0 8.284 6.716 15 15 15h181v60h-15c-8.284 0-15 6.716-15 15s6.716 15 15 15h150c8.284 0 15-6.716 15-15s-6.716-15-15-15h-15v-60h181c8.284 0 15-6.716 15-15v-340c0-8.284-6.716-15-15-15zm-15 30v240h-452v-240zm-196 400h-60v-60h60zm-256-90v-40h452v40z\"><\/path><path d=\"m223.381 258.012c1.818.724 3.694 1.066 5.539 1.066 5.964 0 11.604-3.581 13.942-9.46l54.15-136.147c3.062-7.697-.697-16.42-8.395-19.481-7.698-3.063-16.42.697-19.481 8.395l-54.15 136.148c-3.061 7.696.698 16.417 8.395 19.479z\"><\/path><path d=\"m335.557 250.526c2.367 1.372 4.953 2.023 7.504 2.023 5.177 0 10.213-2.683 12.994-7.484l36.363-62.777c2.741-4.732 2.69-10.58-.133-15.263l-36.363-60.315c-4.277-7.095-13.495-9.378-20.591-5.102-7.095 4.277-9.379 13.496-5.102 20.591l31.786 52.724-31.919 55.106c-4.153 7.167-1.708 16.345 5.461 20.497z\"><\/path><path d=\"m155.945 245.065c2.782 4.802 7.817 7.484 12.994 7.484 2.551 0 5.138-.651 7.504-2.023 7.168-4.152 9.613-13.33 5.461-20.498l-31.919-55.106 31.786-52.724c4.277-7.095 1.993-16.313-5.102-20.591-7.096-4.278-16.314-1.993-20.591 5.102l-36.363 60.315c-2.823 4.683-2.874 10.531-.133 15.263z\"><\/path>\n<\/g><\/svg><\/span>\n                <h4 class=\"u-align-center u-text u-text-2\">Desarrollo de Software<\/h4>\n                <p class=\"u-align-center u-text u-text-3\"> Proyectos de Desarrollo de Software basados en las especificaciones de nuestros clientes<\/p>\n              <\/div>\n            <\/div>\n            <div class=\"u-align-center u-container-align-center u-container-style u-custom-item u-list-item u-palette-3-light-1 u-repeater-item u-list-item-2\">\n              <div class=\"u-container-layout u-similar-container u-valign-bottom u-container-layout-2\"><span class=\"u-icon u-icon-2\"><svg class=\"u-svg-link\" preserveAspectRatio=\"xMidYMin slice\" viewBox=\"0 0 128 128\" style=\"\"><use xmlns:xlink=\"http:\/\/www.w3.org\/1999\/xlink\" xlink:href=\"#svg-79f5\"><\/use><\/svg><svg class=\"u-svg-content\" viewBox=\"0 0 128 128\" id=\"svg-79f5\"><path d=\"m78.9 15.9c2.1 0 3.7 1.7 3.7 3.7v3.7h-37.2v-3.7c0-2 1.7-3.7 3.7-3.7h29.8m39.7 14.8-11.6 34.5c-0.5 1.5-1.9 2.5-3.5 2.5h-20.9v-3.7c0-2-1.7-3.7-3.7-3.7h-29.8c-2.1 0-3.7 1.7-3.7 3.7v3.7h-20.9c-1.6 0-3-1-3.5-2.5l-11.6-34.5h109.2m1.5 19.1v58.6c0 2-1.7 3.7-3.7 3.7h-104.7c-2.1 0-3.7-1.7-3.7-3.7v-58.6l5.9 17.7c1.5 4.5 5.8 7.6 10.6 7.6h20.9v3.7c0 2 1.7 3.7 3.7 3.7h29.8c2.1 0 3.7-1.7 3.7-3.7v-3.7h20.9c4.8 0 9.1-3 10.6-7.6l6-17.7m-44.9 17.9v7.4h-22.4v-7.4h22.4m15.3-44.9v-3.2c0-6.4-5.2-11.6-11.6-11.6h-29.8c-6.4 0-11.7 5.2-11.7 11.6v3.2h-29.5c-4.4 0-7.9 3.5-7.9 7.9v77.7c0 6.4 5.2 11.6 11.7 11.6h104.7c6.4 0 11.7-5.2 11.7-11.6v-77.7c0-4.4-3.6-7.9-7.9-7.9h-29.7z\"><\/path><\/svg><\/span>\n                <h4 class=\"u-align-center u-text u-text-4\">Consultoria IT<\/h4>\n                <p class=\"u-align-center u-text u-text-5\"> Definici\u00f3n y descubrimiento de necesidades, objetivos y planificaci\u00f3n de presupuestos e implementaci\u00f3n del sistema y servicio de soporte, enfocados al crecimiento de tu empresa.<\/p>\n                <editor-squiggler style=\"height: 0px; width: 0px;\">\n                  <style> @media print {\n    .ms-editor-squiggler {\n        display:none !important;\n    }\n  }\n  .ms-editor-squiggler {\n    all: initial;\n    display: block !important;\n    height: 0px !important;\n    width: 0px !important;\n  }<\/style>\n                  <div class=\"ms-editor-squiggler\"><\/div>\n                <\/editor-squiggler>\n                <editor-squiggler style=\"height: 0px; width: 0px;\">\n                  <style> @media print {\n    .ms-editor-squiggler {\n        display:none !important;\n    }\n  }\n  .ms-editor-squiggler {\n    all: initial;\n    display: block !important;\n    height: 0px !important;\n    width: 0px !important;\n  }<\/style>\n                  <div class=\"ms-editor-squiggler\"><\/div>\n                <\/editor-squiggler>\n              <\/div>\n            <\/div>\n            <div class=\"u-align-center u-container-align-center u-container-style u-custom-item u-list-item u-palette-3-base u-repeater-item u-shape-rectangle\">\n              <div class=\"u-container-layout u-similar-container u-valign-bottom u-container-layout-3\"><span class=\"u-icon u-icon-3\"><svg class=\"u-svg-link\" preserveAspectRatio=\"xMidYMin slice\" viewBox=\"0 0 128 128\" style=\"\"><use xmlns:xlink=\"http:\/\/www.w3.org\/1999\/xlink\" xlink:href=\"#svg-ae6d\"><\/use><\/svg><svg class=\"u-svg-content\" viewBox=\"0 0 128 128\" id=\"svg-ae6d\"><path d=\"m117.4 76c1.5 0 2.7 1.2 2.7 2.7v38.7c0 1.5-1.2 2.7-2.7 2.7h-38.7c-1.5 0-2.7-1.2-2.7-2.7v-38.7c0-1.5 1.2-2.7 2.7-2.7h38.7m0-7.9h-38.7c-5.8 0-10.6 4.8-10.6 10.6v38.7c0 5.8 4.8 10.6 10.6 10.6h38.7c5.8 0 10.6-4.8 10.6-10.6v-38.7c0-5.8-4.8-10.6-10.6-10.6z\"><\/path><path d=\"m49.3 7.9c1.5 0 2.7 1.2 2.7 2.7v38.7c0 1.5-1.2 2.7-2.7 2.7h-38.7c-1.5 0-2.7-1.2-2.7-2.7v-38.7c0-1.5 1.2-2.7 2.7-2.7h38.7m0-7.9h-38.7c-5.8 0-10.6 4.8-10.6 10.6v38.7c0 5.8 4.8 10.6 10.6 10.6h38.7c5.8 0 10.6-4.8 10.6-10.6v-38.7c0-5.8-4.8-10.6-10.6-10.6z\"><\/path><path d=\"m90 7.9c0.7 0 1.4 0.3 1.9 0.8l27.4 27.4c1 1 1 2.7 0 3.8l-27.4 27.3c-0.5 0.5-1.2 0.8-1.9 0.8s-1.4-0.3-1.9-0.8l-27.3-27.3c-1-1-1-2.7 0-3.8l27.3-27.4c0.6-0.5 1.3-0.8 1.9-0.8m0-7.9c-2.8 0-5.5 1.1-7.5 3.1l-27.3 27.4c-2 2-3.1 4.7-3.1 7.5s1.1 5.5 3.1 7.5l27.4 27.4c2 2 4.7 3.1 7.5 3.1s5.5-1.1 7.5-3.1l27.4-27.4c2-2 3.1-4.7 3.1-7.5s-1.1-5.5-3.1-7.5l-27.5-27.4c-2-2-4.6-3.1-7.5-3.1z\"><\/path><path d=\"m49.3 76c1.5 0 2.7 1.2 2.7 2.7v38.7c0 1.5-1.2 2.7-2.7 2.7h-38.7c-1.5 0-2.7-1.2-2.7-2.7v-38.7c0-1.5 1.2-2.7 2.7-2.7h38.7m0-7.9h-38.7c-5.8 0-10.6 4.8-10.6 10.6v38.7c0 5.8 4.8 10.6 10.6 10.6h38.7c5.8 0 10.6-4.8 10.6-10.6v-38.7c0-5.8-4.8-10.6-10.6-10.6z\"><\/path><\/svg><\/span>\n                <h4 class=\"u-align-center u-text u-text-6\">Integraci\u00f3n Facturaci\u00f3n en L\u00ednea -FEL-<\/h4>\n                <p class=\"u-align-center u-text u-text-7\">Apoyo de integraci\u00f3n de modelo de Facturaci\u00f3n en L\u00ednea por medio de los sistemas actuales que cuentan nuestros clientes<\/p>\n              <\/div>\n            <\/div>\n            <div class=\"u-align-center u-container-align-center u-container-style u-list-item u-palette-2-light-1 u-repeater-item u-shape-rectangle u-list-item-4\">\n              <div class=\"u-container-layout u-similar-container u-valign-bottom u-container-layout-4\"><span class=\"u-icon u-icon-4\"><svg class=\"u-svg-link\" preserveAspectRatio=\"xMidYMin slice\" viewBox=\"0 0 128 128\" style=\"\"><use xmlns:xlink=\"http:\/\/www.w3.org\/1999\/xlink\" xlink:href=\"#svg-e7e2\"><\/use><\/svg><svg class=\"u-svg-content\" viewBox=\"0 0 128 128\" id=\"svg-e7e2\"><path d=\"m26.4 108.7c-1.2 0-2.2-1-2.2-2.2s1-2.2 4.7-2.2h48.7v-7.4h-31.2v-9.9h31.2v-8.4h-58.7c-7.7 0-10.6-3-10.6-6.6v-57.1c0-3.7 3-6.6 6.6-6.6h81.2c3.7 0 6.6 3 6.6 6.6v27h8.3v-27c0-8.2-6.7-14.9-14.9-14.9h-81.2c-8.2 0-14.9 6.7-14.9 14.9v57.1c0 8.2 6.7 14.9 14.9 14.9h23.2v10.1h-13.8c-4.3 0-8.5 3.7-8.5 9.5v0.2c0 4.6 3.7 9.3 8.3 9.3h53.5v-7.3h-51.2z\"><\/path><path d=\"m118 41.9h-30c-5.8 0-10.5 4.7-10.5 10.6 0 0 0.1 66.3 0.1 66.4 0 4.3 5.1 9 10.4 9h30c5.6 0 10.2-4.4 10.5-10.1v-65.3c0-5.9-4.7-10.6-10.5-10.6zm2.4 75.5c-0.1 1.3-1.1 2.3-2.4 2.3h-30c-1 0-1.9-0.7-2.2-1.6l-0.2-65.6c0-1.3 1.1-2.4 2.4-2.4h30c1.3 0 2.4 1.1 2.4 2.4v64.9z\"><\/path><\/svg><\/span>\n                <h4 class=\"u-align-center u-text u-text-8\">Equipos de Computaci\u00f3n<\/h4>\n                <p class=\"u-align-center u-text u-text-9\"> Venta&nbsp;de accesorios, suministros, computadoras y laptos, contamos con variedad de marcas y productos para tabajo y gaming<\/p>\n                <editor-squiggler style=\"height: 0px; width: 0px;\">\n                  <style> @media print {\n    .ms-editor-squiggler {\n        display:none !important;\n    }\n  }\n  .ms-editor-squiggler {\n    all: initial;\n    display: block !important;\n    height: 0px !important;\n    width: 0px !important;\n  }<\/style>\n                  <div class=\"ms-editor-squiggler\"><\/div>\n                <\/editor-squiggler>\n              <\/div>\n            <\/div>\n          <\/div>\n        <\/div>\n        <editor-squiggler style=\"height: 0px; width: 0px;\">\n          <style> @media print {\n    .ms-editor-squiggler {\n        display:none !important;\n    }\n  }\n  .ms-editor-squiggler {\n    all: initial;\n    display: block !important;\n    height: 0px !important;\n    width: 0px !important;\n  }<\/style>\n          <div class=\"ms-editor-squiggler\"><\/div>\n        <\/editor-squiggler>\n        <editor-squiggler style=\"height: 0px; width: 0px;\">\n          <style> @media print {\n    .ms-editor-squiggler {\n        display:none !important;\n    }\n  }\n  .ms-editor-squiggler {\n    all: initial;\n    display: block !important;\n    height: 0px !important;\n    width: 0px !important;\n  }<\/style>\n          <div class=\"ms-editor-squiggler\"><\/div>\n        <\/editor-squiggler>\n      <\/div>\n    <\/section>\n    <section class=\"u-align-center-lg u-align-center-md u-align-center-sm u-align-center-xs u-clearfix u-section-4\" id=\"carousel_ef18\">\n      <div class=\"u-clearfix u-sheet u-valign-middle-lg u-sheet-1\">\n        <div class=\"data-layout-selected u-clearfix u-expanded-width-md u-expanded-width-sm u-expanded-width-xs u-layout-wrap u-layout-wrap-1\">\n          <div class=\"u-layout\">\n            <div class=\"u-layout-row\">\n              <div class=\"u-container-style u-layout-cell u-size-60 u-layout-cell-1\">\n                <div class=\"u-container-layout u-container-layout-1\">\n                  <h1 class=\"u-custom-font u-font-ubuntu u-text u-title u-text-1\"><span class=\"u-text-custom-color-1\" style=\"font-size: 2.25rem;\">Agregamos valor<span class=\"u-text-palette-4-dark-1\"><span class=\"u-text-palette-1-base\">a tu empresa&nbsp;<\/span><\/span><\/span><span class=\"u-text-palette-4-dark-1\">\n                      <br>Integrando nuevas tecnolog\u00edas<\/span>\n                  <\/h1>\n                  <img decoding=\"async\" src=\"https:\/\/datasistemasgt.com\/wp-content\/uploads\/2022\/06\/ssssss.jpg\" alt=\"\" class=\"u-expanded-width-lg u-expanded-width-md u-expanded-width-sm u-expanded-width-xs u-image u-image-default u-image-1\" data-image-width=\"1080\" data-image-height=\"735\">\n                <\/div>\n              <\/div>\n            <\/div>\n          <\/div>\n        <\/div>\n        <div class=\"u-list u-list-1\">\n          <div class=\"u-repeater u-repeater-1\">\n            <div class=\"u-align-justify u-container-style u-list-item u-repeater-item\">\n              <div class=\"u-container-layout u-similar-container u-container-layout-2\">\n                <p class=\"u-text u-text-2\"> Estudiamos la estructura de tu negocio, procesos, mercado meta y competencia, para ofrecerte&nbsp;<span class=\"u-text-palette-1-dark-1\" style=\"font-weight: 700; font-style: italic;\">soluciones integrales llave en mano<\/span>.&nbsp;Empleamos nuestra experiencia, en el uso de nuevas tecnolog\u00edas, para llevar los procesos a un nivel \u00f3ptimo de eficiencia y calidad, generar nuevos servicios o incluso transformar el modelo de tu negocio.\n                <\/p>\n                <editor-squiggler style=\"height: 0px; width: 0px;\">\n                  <style> @media print {\n    .ms-editor-squiggler {\n        display:none !important;\n    }\n  }\n  .ms-editor-squiggler {\n    all: initial;\n    display: block !important;\n    height: 0px !important;\n    width: 0px !important;\n  }<\/style>\n                  <div class=\"ms-editor-squiggler\"><\/div>\n                <\/editor-squiggler>\n              <\/div>\n            <\/div>\n          <\/div>\n        <\/div>\n      <\/div>\n    <\/section>\n    <section class=\"u-align-center-xs u-clearfix u-section-5\" src=\"\" id=\"carousel_bfe1\">\n      <div class=\"u-clearfix u-sheet u-valign-middle-md u-valign-middle-sm u-valign-middle-xs u-sheet-1\">\n        <img decoding=\"async\" class=\"u-expanded-height-lg u-expanded-height-xl u-expanded-width-md u-expanded-width-sm u-expanded-width-xs u-image u-image-contain u-image-1\" src=\"https:\/\/datasistemasgt.com\/wp-content\/uploads\/2022\/06\/Untitled-1-min.jpg\">\n        <div class=\"u-border-no-bottom u-border-no-left u-border-no-right u-border-no-top u-container-style u-expanded-width-md u-expanded-width-sm u-expanded-width-xs u-group u-shape-rectangle u-group-1\">\n          <div class=\"u-container-layout u-container-layout-1\">\n            <h1 class=\"u-text u-text-palette-1-base u-text-1\"> Somos una empresa&nbsp;de<br>desarrollo e integraci\u00f3n de&nbsp;tecnolog\u00eda a la medida\n            <\/h1>\n            <p class=\"u-align-justify u-large-text u-text u-text-variant u-text-2\"> Brindamos soluciones tecnol\u00f3gicas, apoyando a empresas, organizaciones e industrias a incursionar en la nueva econom\u00eda de la transformaci\u00f3n digital, mediante el desarrollo de software, y hardware a la medida.<\/p>\n            <editor-squiggler style=\"height: 0px; width: 0px;\">\n              <style> @media print {\n    .ms-editor-squiggler {\n        display:none !important;\n    }\n  }\n  .ms-editor-squiggler {\n    all: initial;\n    display: block !important;\n    height: 0px !important;\n    width: 0px !important;\n  }<\/style>\n              <div class=\"ms-editor-squiggler\"><\/div>\n            <\/editor-squiggler>\n          <\/div>\n        <\/div>\n      <\/div>\n    <\/section>\n    \n    \n    \n    \n  \n","protected":false},"excerpt":{"rendered":"<p>DataSistemasGT Somos una empresa de consultor\u00eda inform\u00e1tica y desarrollo de aplicaciones en tecnolog\u00edas de la informaci\u00f3n. Nuestro objetivo es proporcionar soluciones inform\u00e1ticas y de gesti\u00f3n adecuadas seg\u00fan la necesidad de cada cliente, usando tecnolog\u00edas y metodolog\u00edas avanzadas. Software desarrollado por&nbsp;personal altamente cualificado&nbsp;que satisfacen las necesidades del cliente, cumpliendo criterios de eficacia,&nbsp;calidad, competitividad y rentabilidad. De &hellip; <a href=\"https:\/\/datasistemasgt.com\/\" class=\"more-link\">Continue reading<span class=\"screen-reader-text\"> &#8220;Inicio&#8221;<\/span><\/a><\/p>\n","protected":false},"author":1,"featured_media":0,"parent":0,"menu_order":1,"comment_status":"closed","ping_status":"closed","template":"templates\/post.php","meta":{"footnotes":""},"class_list":["post-32","page","type-page","status-publish","hentry"],"_links":{"self":[{"href":"https:\/\/datasistemasgt.com\/index.php\/wp-json\/wp\/v2\/pages\/32","targetHints":{"allow":["GET"]}}],"collection":[{"href":"https:\/\/datasistemasgt.com\/index.php\/wp-json\/wp\/v2\/pages"}],"about":[{"href":"https:\/\/datasistemasgt.com\/index.php\/wp-json\/wp\/v2\/types\/page"}],"author":[{"embeddable":true,"href":"https:\/\/datasistemasgt.com\/index.php\/wp-json\/wp\/v2\/users\/1"}],"replies":[{"embeddable":true,"href":"https:\/\/datasistemasgt.com\/index.php\/wp-json\/wp\/v2\/comments?post=32"}],"version-history":[{"count":24,"href":"https:\/\/datasistemasgt.com\/index.php\/wp-json\/wp\/v2\/pages\/32\/revisions"}],"predecessor-version":[{"id":117,"href":"https:\/\/datasistemasgt.com\/index.php\/wp-json\/wp\/v2\/pages\/32\/revisions\/117"}],"wp:attachment":[{"href":"https:\/\/datasistemasgt.com\/index.php\/wp-json\/wp\/v2\/media?parent=32"}],"curies":[{"name":"wp","href":"https:\/\/api.w.org\/{rel}","templated":true}]}}